{"id":111,"date":"2021-07-20T17:11:49","date_gmt":"2021-07-20T17:11:49","guid":{"rendered":"https:\/\/geografiacriticaecuador.org\/pukallpa\/?page_id=111"},"modified":"2021-07-27T02:20:02","modified_gmt":"2021-07-27T02:20:02","slug":"tu-mapa","status":"publish","type":"page","link":"https:\/\/geografiacriticaecuador.org\/pukallpa\/tu-mapa\/","title":{"rendered":"Tu mapa"},"content":{"rendered":"\n<p>Escr\u00edbenos a colectivo@geografiacriticaecuador.org o usa estos archivos KML que podr\u00e1s abrir desde GoogleEarth:<\/p>\n\n\n\n<p>a) L\u00edmites administrativos<\/p>\n\n\n\n<ul class=\"wp-block-list\"><li><a href=\"https:\/\/geografiacriticaecuador.org\/pukallpa\/kml\/Provincias.kmz\" target=\"_blank\" rel=\"noreferrer noopener\">Provincias<\/a><\/li><li><a href=\"https:\/\/geografiacriticaecuador.org\/pukallpa\/kml\/Cantones.kmz\" target=\"_blank\" rel=\"noreferrer noopener\">Cantones<\/a><\/li><li><a href=\"https:\/\/geografiacriticaecuador.org\/pukallpa\/kml\/Parroquias.kmz\" target=\"_blank\" rel=\"noreferrer noopener\">Parroquias<\/a><\/li><\/ul>\n\n\n\n<p>b) Territorios ind\u00edgenas<\/p>\n\n\n\n<ul class=\"wp-block-list\"><li><a href=\"https:\/\/geografiacriticaecuador.org\/pukallpa\/kml\/Territorios_Indigenas_2020_RAISG.kmz\" target=\"_blank\" rel=\"noreferrer noopener\">Territorios Indigenas 2020 RAISG<\/a><\/li><\/ul>\n\n\n\n<p>c) Extractivismo<\/p>\n\n\n\n<ul class=\"wp-block-list\"><li><a href=\"https:\/\/geografiacriticaecuador.org\/pukallpa\/kml\/Catastro_Minero_2020.kmz\" target=\"_blank\" rel=\"noreferrer noopener\">Catastro minero<\/a><\/li><li><a rel=\"noreferrer noopener\" href=\"https:\/\/geografiacriticaecuador.org\/pukallpa\/kml\/Contaminaci\u00f3n_Minera.kmz\" target=\"_blank\">Contaminaci\u00f3n Minera<\/a><\/li><li><a rel=\"noreferrer noopener\" href=\"https:\/\/geografiacriticaecuador.org\/pukallpa\/kml\/Bloques_petroleros_2021.kmz\" target=\"_blank\">Bloques Petroleros Ecuador<\/a><\/li><li><a rel=\"noreferrer noopener\" href=\"https:\/\/geografiacriticaecuador.org\/pukallpa\/kml\/Bloques_petroleros_RAISG.kmz\" target=\"_blank\">Bloques Petroleros RAISG<\/a><\/li><li><a rel=\"noreferrer noopener\" href=\"https:\/\/geografiacriticaecuador.org\/pukallpa\/kml\/Contaminaci\u00f3n_Hidrocarburo.kmz\" target=\"_blank\">Contaminaci\u00f3n Hidrocarburos<\/a><\/li><li><a rel=\"noreferrer noopener\" href=\"https:\/\/geografiacriticaecuador.org\/pukallpa\/kml\/Hidroeletricas.kmz\" target=\"_blank\">Hidroel\u00e9ctricas<\/a><\/li><li><a rel=\"noreferrer noopener\" href=\"https:\/\/geografiacriticaecuador.org\/pukallpa\/kml\/V\u00edas_2020_RAISG.kmz\" target=\"_blank\">V\u00edas<\/a><\/li><\/ul>\n\n\n\n<p>d) Sociobosque<\/p>\n\n\n\n<ul class=\"wp-block-list\"><li><a rel=\"noreferrer noopener\" href=\"https:\/\/geografiacriticaecuador.org\/pukallpa\/kml\/Socio_Bosque_2016_Individual.kmz\" target=\"_blank\">Sociobosque individual 2016<\/a><\/li><li><a href=\"https:\/\/geografiacriticaecuador.org\/pukallpa\/kml\/Socio_Bosque_2016_Colectivo.kmz\">Sociobosque colectivo 2016<\/a><\/li><li><a rel=\"noreferrer noopener\" href=\"https:\/\/geografiacriticaecuador.org\/pukallpa\/kml\/Socio_Bosque_2019_Conservaci\u00f3n.kmz\" target=\"_blank\">Sociobosque conservaci\u00f3n 2019<\/a><\/li><\/ul>\n\n\n\n<p>f) Deforestaci\u00f3n y fuegos<\/p>\n\n\n\n<ul class=\"wp-block-list\"><li><a rel=\"noreferrer noopener\" href=\"https:\/\/geografiacriticaecuador.org\/pukallpa\/kml\/Deforestaci\u00f3n_1990-2000.kmz\" target=\"_blank\">Deforestaci\u00f3n_1990-2000<\/a><\/li><li><a rel=\"noreferrer noopener\" href=\"https:\/\/geografiacriticaecuador.org\/pukallpa\/kml\/Deforestaci\u00f3n_2000-2008.kmz\" target=\"_blank\">Deforestaci\u00f3n_2000-2008<\/a><\/li><li><a href=\"https:\/\/geografiacriticaecuador.org\/pukallpa\/kml\/Deforestaci\u00f3n_2008-2014.kmz\" target=\"_blank\" rel=\"noreferrer noopener\">Deforestaci\u00f3n_2008-2014<\/a><\/li><li><a href=\"https:\/\/geografiacriticaecuador.org\/pukallpa\/kml\/Quemas_2020.kmz\" target=\"_blank\" rel=\"noreferrer noopener\">Quemas_2020<\/a><\/li><\/ul>\n\n\n\n<p>g) \u00c1reas protegidas.<\/p>\n\n\n\n<ul class=\"wp-block-list\"><li><a rel=\"noreferrer noopener\" href=\"https:\/\/geografiacriticaecuador.org\/pukallpa\/kml\/SNAP_2018.kmz\" target=\"_blank\">Sistema Nacional de \u00c1reas Protegidas (MAE)<\/a><\/li><li><a rel=\"noreferrer noopener\" href=\"https:\/\/geografiacriticaecuador.org\/pukallpa\/kml\/\u00c1reas_Naturales_Protegidas_2020_RAISG.kmz\" target=\"_blank\">\u00c1reas Naturales Protegidas (RAISG)<\/a><\/li><li><a rel=\"noreferrer noopener\" href=\"https:\/\/geografiacriticaecuador.org\/pukallpa\/kml\/\u00c1rea_bajo_conservaci\u00f3n_PSB.kmz\" target=\"_blank\">\u00c1rea bajo conservaci\u00f3n (PSB)<\/a><\/li><li><a rel=\"noreferrer noopener\" href=\"https:\/\/geografiacriticaecuador.org\/pukallpa\/kml\/\u00c1reas_de_Protecci\u00f3n_H\u00eddrica_2020.kmz\" target=\"_blank\">\u00c1reas de Protecci\u00f3n H\u00eddrica 2020<\/a><\/li><li><a href=\"https:\/\/geografiacriticaecuador.org\/pukallpa\/kml\/Reservas_de_Bi\u00f3sfera.kmz\" target=\"_blank\" rel=\"noreferrer noopener\">Reservas_de_Bi\u00f3sfera<\/a><\/li><\/ul>\n\n\n\n<p>h) Bosques<\/p>\n\n\n\n<ul class=\"wp-block-list\"><li><a href=\"https:\/\/geografiacriticaecuador.org\/pukallpa\/kml\/ANP_ReservaFlorestal_2020_RAISG.kmz\" target=\"_blank\" rel=\"noreferrer noopener\">ANP_ReservaFlorestal_2020_RAISG<\/a><\/li><li><a href=\"https:\/\/geografiacriticaecuador.org\/pukallpa\/kml\/Bosque_Protector_RAISG.kmz\" target=\"_blank\" rel=\"noreferrer noopener\">Bosque_Protector_RAISG<\/a><\/li><li><a href=\"https:\/\/geografiacriticaecuador.org\/pukallpa\/kml\/Bosques_y_Vegetaci\u00f3n_Protectora.kmz\" target=\"_blank\" rel=\"noreferrer noopener\">Bosques_y_Vegetaci\u00f3n_Protectora<\/a><\/li><li><a href=\"https:\/\/geografiacriticaecuador.org\/pukallpa\/kml\/Cobertura_Vegetal_2018.kmz\" target=\"_blank\" rel=\"noreferrer noopener\">Cobertura_Vegetal_2018<\/a><\/li><li><a href=\"https:\/\/geografiacriticaecuador.org\/pukallpa\/kml\/Patrimonio_Forestal_del_Estado.kmz\" target=\"_blank\" rel=\"noreferrer noopener\">Patrimonio_Forestal_del_Estado<\/a><\/li><\/ul>\n\n\n\n<p>i) Cuerpos de agua<\/p>\n\n\n\n<ul class=\"wp-block-list\"><li><a href=\"https:\/\/geografiacriticaecuador.org\/pukallpa\/kml\/R\u00edo_principal.kmz\" target=\"_blank\" rel=\"noreferrer noopener\">R\u00edos principales<\/a><\/li><li><a href=\"https:\/\/geografiacriticaecuador.org\/pukallpa\/kml\/R\u00edo_secundario.kmz\" target=\"_blank\" rel=\"noreferrer noopener\">R\u00edos secundarios<\/a><\/li><li><a href=\"https:\/\/geografiacriticaecuador.org\/pukallpa\/kml\/Lagunas.kmz\" target=\"_blank\" rel=\"noreferrer noopener\">Lagunas<\/a><\/li><\/ul>\n\n\n\n<p><\/p>\n","protected":false},"excerpt":{"rendered":"<p>Escr\u00edbenos a colectivo@geografiacriticaecuador.org o usa estos archivos KML que podr\u00e1s abrir desde GoogleEarth: a) L\u00edmites administrativos Provincias Cantones Parroquias b) Territorios ind\u00edgenas Territorios Indigenas 2020 RAISG c) Extractivismo Catastro minero Contaminaci\u00f3n Minera<a class=\"moretag\" href=\"https:\/\/geografiacriticaecuador.org\/pukallpa\/tu-mapa\/\">Leer m\u00e1s&#8230;<\/a><\/p>\n","protected":false},"author":1,"featured_media":0,"parent":0,"menu_order":0,"comment_status":"closed","ping_status":"closed","template":"","meta":{"nf_dc_page":"","om_disable_all_campaigns":false,"footnotes":""},"class_list":["post-111","page","type-page","status-publish","hentry"],"jetpack_sharing_enabled":true,"_links":{"self":[{"href":"https:\/\/geografiacriticaecuador.org\/pukallpa\/wp-json\/wp\/v2\/pages\/111","targetHints":{"allow":["GET"]}}],"collection":[{"href":"https:\/\/geografiacriticaecuador.org\/pukallpa\/wp-json\/wp\/v2\/pages"}],"about":[{"href":"https:\/\/geografiacriticaecuador.org\/pukallpa\/wp-json\/wp\/v2\/types\/page"}],"author":[{"embeddable":true,"href":"https:\/\/geografiacriticaecuador.org\/pukallpa\/wp-json\/wp\/v2\/users\/1"}],"replies":[{"embeddable":true,"href":"https:\/\/geografiacriticaecuador.org\/pukallpa\/wp-json\/wp\/v2\/comments?post=111"}],"version-history":[{"count":7,"href":"https:\/\/geografiacriticaecuador.org\/pukallpa\/wp-json\/wp\/v2\/pages\/111\/revisions"}],"predecessor-version":[{"id":129,"href":"https:\/\/geografiacriticaecuador.org\/pukallpa\/wp-json\/wp\/v2\/pages\/111\/revisions\/129"}],"wp:attachment":[{"href":"https:\/\/geografiacriticaecuador.org\/pukallpa\/wp-json\/wp\/v2\/media?parent=111"}],"curies":[{"name":"wp","href":"https:\/\/api.w.org\/{rel}","templated":true}]}}